{"id":2032,"date":"2025-09-19T18:52:58","date_gmt":"2025-09-19T23:52:58","guid":{"rendered":"https:\/\/www.schick.pe\/promocion\/?page_id=2032"},"modified":"2026-02-10T09:47:59","modified_gmt":"2026-02-10T14:47:59","slug":"inicio","status":"publish","type":"page","link":"https:\/\/www.schick.pe\/promocion\/","title":{"rendered":"Inicio"},"content":{"rendered":"\t\t<div data-elementor-type=\"wp-page\" data-elementor-id=\"2032\" class=\"elementor elementor-2032\" data-elementor-post-type=\"page\">\n\t\t\t\t<div class=\"elementor-element elementor-element-396e480 e-flex e-con-boxed e-con e-parent\" data-id=\"396e480\" data-element_type=\"container\" data-e-type=\"container\" data-settings=\"{&quot;background_background&quot;:&quot;classic&quot;}\">\n\t\t\t\t\t<div class=\"e-con-inner\">\n\t\t\t\t<div class=\"elementor-element elementor-element-04d21cc elementor-widget elementor-widget-image\" data-id=\"04d21cc\" data-element_type=\"widget\" data-e-type=\"widget\" data-widget_type=\"image.default\">\n\t\t\t\t<div class=\"elementor-widget-container\">\n\t\t\t\t\t\t\t\t\t\t\t\t\t\t\t<img fetchpriority=\"high\" decoding=\"async\" width=\"481\" height=\"426\" src=\"https:\/\/www.schick.pe\/promocion\/wp-content\/uploads\/2026\/02\/schick-pe-001.svg\" class=\"attachment-large size-large wp-image-2221\" alt=\"\" \/>\t\t\t\t\t\t\t\t\t\t\t\t\t\t\t<\/div>\n\t\t\t\t<\/div>\n\t\t<div class=\"elementor-element elementor-element-ea259d2 e-con-full e-flex e-con e-child\" data-id=\"ea259d2\" data-element_type=\"container\" data-e-type=\"container\">\n\t\t<div class=\"elementor-element elementor-element-854b153 e-con-full e-flex e-con e-child\" data-id=\"854b153\" data-element_type=\"container\" data-e-type=\"container\" data-settings=\"{&quot;background_background&quot;:&quot;classic&quot;}\">\n\t\t\t\t<div class=\"elementor-element elementor-element-a75864d elementor-widget__width-initial elementor-widget elementor-widget-heading\" data-id=\"a75864d\" data-element_type=\"widget\" data-e-type=\"widget\" data-widget_type=\"heading.default\">\n\t\t\t\t<div class=\"elementor-widget-container\">\n\t\t\t\t\t<h2 class=\"elementor-heading-title elementor-size-default\">SI COMPRASTE EN TU BODEGA M\u00c1S CERCANA<\/h2>\t\t\t\t<\/div>\n\t\t\t\t<\/div>\n\t\t\t\t<div class=\"elementor-element elementor-element-356747e elementor-widget elementor-widget-image\" data-id=\"356747e\" data-element_type=\"widget\" data-e-type=\"widget\" data-widget_type=\"image.default\">\n\t\t\t\t<div class=\"elementor-widget-container\">\n\t\t\t\t\t\t\t\t\t\t\t\t\t\t\t<img decoding=\"async\" width=\"800\" height=\"759\" src=\"https:\/\/www.schick.pe\/promocion\/wp-content\/uploads\/2026\/02\/schick-pe-002.webp\" class=\"attachment-large size-large wp-image-2242\" alt=\"\" srcset=\"https:\/\/www.schick.pe\/promocion\/wp-content\/uploads\/2026\/02\/schick-pe-002.webp 960w, https:\/\/www.schick.pe\/promocion\/wp-content\/uploads\/2026\/02\/schick-pe-002-800x759.webp 800w, https:\/\/www.schick.pe\/promocion\/wp-content\/uploads\/2026\/02\/schick-pe-002-768x729.webp 768w\" sizes=\"(max-width: 800px) 100vw, 800px\" \/>\t\t\t\t\t\t\t\t\t\t\t\t\t\t\t<\/div>\n\t\t\t\t<\/div>\n\t\t\t\t<div class=\"elementor-element elementor-element-dee820b elementor-align-center elementor-widget elementor-widget-button\" data-id=\"dee820b\" data-element_type=\"widget\" data-e-type=\"widget\" data-widget_type=\"button.default\">\n\t\t\t\t<div class=\"elementor-widget-container\">\n\t\t\t\t\t\t\t\t\t<div class=\"elementor-button-wrapper\">\n\t\t\t\t\t<a class=\"elementor-button elementor-button-link elementor-size-sm\" href=\"https:\/\/www.schick.pe\/promocion\/inicio\/codigo\/\">\n\t\t\t\t\t\t<span class=\"elementor-button-content-wrapper\">\n\t\t\t\t\t\t\t\t\t<span class=\"elementor-button-text\">Registra tu c\u00f3digo aqu\u00ed<\/span>\n\t\t\t\t\t<\/span>\n\t\t\t\t\t<\/a>\n\t\t\t\t<\/div>\n\t\t\t\t\t\t\t\t<\/div>\n\t\t\t\t<\/div>\n\t\t\t\t<\/div>\n\t\t<div class=\"elementor-element elementor-element-9493779 e-con-full e-flex e-con e-child\" data-id=\"9493779\" data-element_type=\"container\" data-e-type=\"container\" data-settings=\"{&quot;background_background&quot;:&quot;classic&quot;}\">\n\t\t\t\t<div class=\"elementor-element elementor-element-89aa8db elementor-widget__width-initial elementor-widget elementor-widget-heading\" data-id=\"89aa8db\" data-element_type=\"widget\" data-e-type=\"widget\" data-widget_type=\"heading.default\">\n\t\t\t\t<div class=\"elementor-widget-container\">\n\t\t\t\t\t<h2 class=\"elementor-heading-title elementor-size-default\">SI COMPRASTE EN SUPERMERCADOS<\/h2>\t\t\t\t<\/div>\n\t\t\t\t<\/div>\n\t\t\t\t<div class=\"elementor-element elementor-element-3891532 elementor-widget elementor-widget-image\" data-id=\"3891532\" data-element_type=\"widget\" data-e-type=\"widget\" data-widget_type=\"image.default\">\n\t\t\t\t<div class=\"elementor-widget-container\">\n\t\t\t\t\t\t\t\t\t\t\t\t\t\t\t<img decoding=\"async\" width=\"800\" height=\"657\" src=\"https:\/\/www.schick.pe\/promocion\/wp-content\/uploads\/2026\/02\/schick-pe-003.webp\" class=\"attachment-large size-large wp-image-2258\" alt=\"\" srcset=\"https:\/\/www.schick.pe\/promocion\/wp-content\/uploads\/2026\/02\/schick-pe-003.webp 960w, https:\/\/www.schick.pe\/promocion\/wp-content\/uploads\/2026\/02\/schick-pe-003-800x657.webp 800w, https:\/\/www.schick.pe\/promocion\/wp-content\/uploads\/2026\/02\/schick-pe-003-768x630.webp 768w\" sizes=\"(max-width: 800px) 100vw, 800px\" \/>\t\t\t\t\t\t\t\t\t\t\t\t\t\t\t<\/div>\n\t\t\t\t<\/div>\n\t\t\t\t<div class=\"elementor-element elementor-element-992fc41 elementor-align-center elementor-widget elementor-widget-button\" data-id=\"992fc41\" data-element_type=\"widget\" data-e-type=\"widget\" data-widget_type=\"button.default\">\n\t\t\t\t<div class=\"elementor-widget-container\">\n\t\t\t\t\t\t\t\t\t<div class=\"elementor-button-wrapper\">\n\t\t\t\t\t<a class=\"elementor-button elementor-button-link elementor-size-sm\" href=\"https:\/\/www.schick.pe\/promocion\/inicio\/boleta\/\">\n\t\t\t\t\t\t<span class=\"elementor-button-content-wrapper\">\n\t\t\t\t\t\t\t\t\t<span class=\"elementor-button-text\">Registra tu boleta aqu\u00ed<\/span>\n\t\t\t\t\t<\/span>\n\t\t\t\t\t<\/a>\n\t\t\t\t<\/div>\n\t\t\t\t\t\t\t\t<\/div>\n\t\t\t\t<\/div>\n\t\t\t\t<\/div>\n\t\t\t\t<\/div>\n\t\t\t\t\t<\/div>\n\t\t\t\t<\/div>\n\t\t\t\t<\/div>\n\t\t","protected":false},"excerpt":{"rendered":"<p>SI COMPRASTE EN TU BODEGA M\u00c1S CERCANA Registra tu c\u00f3digo aqu\u00ed SI COMPRASTE EN SUPERMERCADOS Registra tu boleta aqu\u00ed<\/p>\n","protected":false},"author":1,"featured_media":0,"parent":0,"menu_order":0,"comment_status":"closed","ping_status":"closed","template":"","meta":{"footnotes":""},"class_list":["post-2032","page","type-page","status-publish","hentry"],"_links":{"self":[{"href":"https:\/\/www.schick.pe\/promocion\/wp-json\/wp\/v2\/pages\/2032","targetHints":{"allow":["GET"]}}],"collection":[{"href":"https:\/\/www.schick.pe\/promocion\/wp-json\/wp\/v2\/pages"}],"about":[{"href":"https:\/\/www.schick.pe\/promocion\/wp-json\/wp\/v2\/types\/page"}],"author":[{"embeddable":true,"href":"https:\/\/www.schick.pe\/promocion\/wp-json\/wp\/v2\/users\/1"}],"replies":[{"embeddable":true,"href":"https:\/\/www.schick.pe\/promocion\/wp-json\/wp\/v2\/comments?post=2032"}],"version-history":[{"count":158,"href":"https:\/\/www.schick.pe\/promocion\/wp-json\/wp\/v2\/pages\/2032\/revisions"}],"predecessor-version":[{"id":2426,"href":"https:\/\/www.schick.pe\/promocion\/wp-json\/wp\/v2\/pages\/2032\/revisions\/2426"}],"wp:attachment":[{"href":"https:\/\/www.schick.pe\/promocion\/wp-json\/wp\/v2\/media?parent=2032"}],"curies":[{"name":"wp","href":"https:\/\/api.w.org\/{rel}","templated":true}]}}