{"id":575,"date":"2025-03-14T16:25:35","date_gmt":"2025-03-14T21:25:35","guid":{"rendered":"https:\/\/www.schick.pe\/promocion\/?page_id=575"},"modified":"2026-02-27T12:24:47","modified_gmt":"2026-02-27T17:24:47","slug":"preguntas-frecuentes","status":"publish","type":"page","link":"https:\/\/www.schick.pe\/promocion\/preguntas-frecuentes\/","title":{"rendered":"Preguntas frecuentes"},"content":{"rendered":"\t\t<div data-elementor-type=\"wp-page\" data-elementor-id=\"575\" class=\"elementor elementor-575\" data-elementor-post-type=\"page\">\n\t\t\t\t<div class=\"elementor-element elementor-element-e8ad04f e-con-full e-flex e-con e-parent\" data-id=\"e8ad04f\" data-element_type=\"container\" data-e-type=\"container\" data-settings=\"{&quot;background_background&quot;:&quot;classic&quot;}\">\n\t\t<div class=\"elementor-element elementor-element-3a6c7bf e-con-full elementor-hidden-mobile e-flex e-con e-child\" data-id=\"3a6c7bf\" data-element_type=\"container\" data-e-type=\"container\">\n\t\t\t\t<div class=\"elementor-element elementor-element-0452555 elementor-widget elementor-widget-image\" data-id=\"0452555\" data-element_type=\"widget\" data-e-type=\"widget\" data-widget_type=\"image.default\">\n\t\t\t\t<div class=\"elementor-widget-container\">\n\t\t\t\t\t\t\t\t\t\t\t\t\t\t\t<img fetchpriority=\"high\" decoding=\"async\" width=\"481\" height=\"426\" src=\"https:\/\/www.schick.pe\/promocion\/wp-content\/uploads\/2026\/02\/schick-pe-001.svg\" class=\"attachment-large size-large wp-image-2221\" alt=\"\" \/>\t\t\t\t\t\t\t\t\t\t\t\t\t\t\t<\/div>\n\t\t\t\t<\/div>\n\t\t\t\t<div class=\"elementor-element elementor-element-af8e904 elementor-hidden-tablet elementor-hidden-mobile elementor-widget elementor-widget-image\" data-id=\"af8e904\" data-element_type=\"widget\" data-e-type=\"widget\" data-widget_type=\"image.default\">\n\t\t\t\t<div class=\"elementor-widget-container\">\n\t\t\t\t\t\t\t\t\t\t\t\t\t\t\t<img decoding=\"async\" width=\"800\" height=\"537\" src=\"https:\/\/www.schick.pe\/promocion\/wp-content\/uploads\/2026\/02\/schick-pe-007.webp\" class=\"attachment-large size-large wp-image-2553\" alt=\"\" srcset=\"https:\/\/www.schick.pe\/promocion\/wp-content\/uploads\/2026\/02\/schick-pe-007.webp 1140w, https:\/\/www.schick.pe\/promocion\/wp-content\/uploads\/2026\/02\/schick-pe-007-800x537.webp 800w, https:\/\/www.schick.pe\/promocion\/wp-content\/uploads\/2026\/02\/schick-pe-007-768x515.webp 768w\" sizes=\"(max-width: 800px) 100vw, 800px\" \/>\t\t\t\t\t\t\t\t\t\t\t\t\t\t\t<\/div>\n\t\t\t\t<\/div>\n\t\t\t\t<\/div>\n\t\t<div class=\"elementor-element elementor-element-f78062a e-con-full e-flex e-con e-child\" data-id=\"f78062a\" data-element_type=\"container\" data-e-type=\"container\">\n\t\t\t\t<div class=\"elementor-element elementor-element-c5024c7 elementor-widget elementor-widget-heading\" data-id=\"c5024c7\" data-element_type=\"widget\" data-e-type=\"widget\" data-widget_type=\"heading.default\">\n\t\t\t\t<div class=\"elementor-widget-container\">\n\t\t\t\t\t<h1 class=\"elementor-heading-title elementor-size-default\">Preguntas frecuentes<\/h1>\t\t\t\t<\/div>\n\t\t\t\t<\/div>\n\t\t\t\t<div class=\"elementor-element elementor-element-1f86933 elementor-widget elementor-widget-n-accordion\" data-id=\"1f86933\" data-element_type=\"widget\" data-e-type=\"widget\" data-settings=\"{&quot;default_state&quot;:&quot;all_collapsed&quot;,&quot;max_items_expended&quot;:&quot;one&quot;,&quot;n_accordion_animation_duration&quot;:{&quot;unit&quot;:&quot;ms&quot;,&quot;size&quot;:400,&quot;sizes&quot;:[]}}\" data-widget_type=\"nested-accordion.default\">\n\t\t\t\t<div class=\"elementor-widget-container\">\n\t\t\t\t\t\t\t<div class=\"e-n-accordion\" aria-label=\"Accordion. Open links with Enter or Space, close with Escape, and navigate with Arrow Keys\">\n\t\t\t\t\t\t<details id=\"e-n-accordion-item-3300\" class=\"e-n-accordion-item\" >\n\t\t\t\t<summary class=\"e-n-accordion-item-title\" data-accordion-index=\"1\" tabindex=\"0\" aria-expanded=\"false\" aria-controls=\"e-n-accordion-item-3300\" >\n\t\t\t\t\t<span class='e-n-accordion-item-title-header'><h5 class=\"e-n-accordion-item-title-text\"> Si compro mi m\u00e1quina de afeitar en una bodega, \u00bfD\u00f3nde encuentro mi c\u00f3digo? <\/h5><\/span>\n\t\t\t\t\t\t\t<span class='e-n-accordion-item-title-icon'>\n\t\t\t<span class='e-opened' ><svg aria-hidden=\"true\" class=\"e-font-icon-svg e-fas-minus\" viewBox=\"0 0 448 512\" xmlns=\"http:\/\/www.w3.org\/2000\/svg\"><path d=\"M416 208H32c-17.67 0-32 14.33-32 32v32c0 17.67 14.33 32 32 32h384c17.67 0 32-14.33 32-32v-32c0-17.67-14.33-32-32-32z\"><\/path><\/svg><\/span>\n\t\t\t<span class='e-closed'><svg aria-hidden=\"true\" class=\"e-font-icon-svg e-fas-plus\" viewBox=\"0 0 448 512\" xmlns=\"http:\/\/www.w3.org\/2000\/svg\"><path d=\"M416 208H272V64c0-17.67-14.33-32-32-32h-32c-17.67 0-32 14.33-32 32v144H32c-17.67 0-32 14.33-32 32v32c0 17.67 14.33 32 32 32h144v144c0 17.67 14.33 32 32 32h32c17.67 0 32-14.33 32-32V304h144c17.67 0 32-14.33 32-32v-32c0-17.67-14.33-32-32-32z\"><\/path><\/svg><\/span>\n\t\t<\/span>\n\n\t\t\t\t\t\t<\/summary>\n\t\t\t\t<div role=\"region\" aria-labelledby=\"e-n-accordion-item-3300\" class=\"elementor-element elementor-element-40f6997 e-con-full e-flex e-con e-child\" data-id=\"40f6997\" data-element_type=\"container\" data-e-type=\"container\">\n\t\t\t\t<div class=\"elementor-element elementor-element-52bf327 elementor-widget elementor-widget-text-editor\" data-id=\"52bf327\" data-element_type=\"widget\" data-e-type=\"widget\" data-widget_type=\"text-editor.default\">\n\t\t\t\t<div class=\"elementor-widget-container\">\n\t\t\t\t\t\t\t\t\t<p>Encu\u00e9ntralo raspando la zona gris del sticker en los productos participantes.<\/p>\t\t\t\t\t\t\t\t<\/div>\n\t\t\t\t<\/div>\n\t\t\t\t<div class=\"elementor-element elementor-element-44b6882 elementor-widget elementor-widget-image\" data-id=\"44b6882\" data-element_type=\"widget\" data-e-type=\"widget\" data-widget_type=\"image.default\">\n\t\t\t\t<div class=\"elementor-widget-container\">\n\t\t\t\t\t\t\t\t\t\t\t\t\t\t\t<img decoding=\"async\" width=\"270\" height=\"261\" src=\"https:\/\/www.schick.pe\/promocion\/wp-content\/uploads\/2026\/02\/schick-pe-005.webp\" class=\"attachment-large size-large wp-image-2364\" alt=\"\" \/>\t\t\t\t\t\t\t\t\t\t\t\t\t\t\t<\/div>\n\t\t\t\t<\/div>\n\t\t\t\t<\/div>\n\t\t\t\t\t<\/details>\n\t\t\t\t\t\t<details id=\"e-n-accordion-item-3301\" class=\"e-n-accordion-item\" >\n\t\t\t\t<summary class=\"e-n-accordion-item-title\" data-accordion-index=\"2\" tabindex=\"-1\" aria-expanded=\"false\" aria-controls=\"e-n-accordion-item-3301\" >\n\t\t\t\t\t<span class='e-n-accordion-item-title-header'><h5 class=\"e-n-accordion-item-title-text\"> Si compro mi m\u00e1quina de afeitar en un supermercado \u00bfD\u00f3nde encuentro el n\u00famero de boleta? <\/h5><\/span>\n\t\t\t\t\t\t\t<span class='e-n-accordion-item-title-icon'>\n\t\t\t<span class='e-opened' ><svg aria-hidden=\"true\" class=\"e-font-icon-svg e-fas-minus\" viewBox=\"0 0 448 512\" xmlns=\"http:\/\/www.w3.org\/2000\/svg\"><path d=\"M416 208H32c-17.67 0-32 14.33-32 32v32c0 17.67 14.33 32 32 32h384c17.67 0 32-14.33 32-32v-32c0-17.67-14.33-32-32-32z\"><\/path><\/svg><\/span>\n\t\t\t<span class='e-closed'><svg aria-hidden=\"true\" class=\"e-font-icon-svg e-fas-plus\" viewBox=\"0 0 448 512\" xmlns=\"http:\/\/www.w3.org\/2000\/svg\"><path d=\"M416 208H272V64c0-17.67-14.33-32-32-32h-32c-17.67 0-32 14.33-32 32v144H32c-17.67 0-32 14.33-32 32v32c0 17.67 14.33 32 32 32h144v144c0 17.67 14.33 32 32 32h32c17.67 0 32-14.33 32-32V304h144c17.67 0 32-14.33 32-32v-32c0-17.67-14.33-32-32-32z\"><\/path><\/svg><\/span>\n\t\t<\/span>\n\n\t\t\t\t\t\t<\/summary>\n\t\t\t\t<div role=\"region\" aria-labelledby=\"e-n-accordion-item-3301\" class=\"elementor-element elementor-element-2eac273 e-con-full e-flex e-con e-child\" data-id=\"2eac273\" data-element_type=\"container\" data-e-type=\"container\">\n\t\t\t\t<div class=\"elementor-element elementor-element-c87309f elementor-widget elementor-widget-text-editor\" data-id=\"c87309f\" data-element_type=\"widget\" data-e-type=\"widget\" data-widget_type=\"text-editor.default\">\n\t\t\t\t<div class=\"elementor-widget-container\">\n\t\t\t\t\t\t\t\t\t<p>Esto lo puedes encontrar en la parte superior de tu boleta, <strong>ver imagen:<\/strong><\/p>\t\t\t\t\t\t\t\t<\/div>\n\t\t\t\t<\/div>\n\t\t\t\t<div class=\"elementor-element elementor-element-cb96885 elementor-widget elementor-widget-image\" data-id=\"cb96885\" data-element_type=\"widget\" data-e-type=\"widget\" data-widget_type=\"image.default\">\n\t\t\t\t<div class=\"elementor-widget-container\">\n\t\t\t\t\t\t\t\t\t\t\t\t\t\t\t<img loading=\"lazy\" decoding=\"async\" width=\"505\" height=\"238\" src=\"https:\/\/www.schick.pe\/promocion\/wp-content\/uploads\/2026\/02\/boleta.webp\" class=\"attachment-large size-large wp-image-2596\" alt=\"\" \/>\t\t\t\t\t\t\t\t\t\t\t\t\t\t\t<\/div>\n\t\t\t\t<\/div>\n\t\t\t\t<\/div>\n\t\t\t\t\t<\/details>\n\t\t\t\t\t\t<details id=\"e-n-accordion-item-3302\" class=\"e-n-accordion-item\" >\n\t\t\t\t<summary class=\"e-n-accordion-item-title\" data-accordion-index=\"3\" tabindex=\"-1\" aria-expanded=\"false\" aria-controls=\"e-n-accordion-item-3302\" >\n\t\t\t\t\t<span class='e-n-accordion-item-title-header'><h5 class=\"e-n-accordion-item-title-text\"> \u00bfLa promoci\u00f3n es v\u00e1lida en todo el Per\u00fa? <\/h5><\/span>\n\t\t\t\t\t\t\t<span class='e-n-accordion-item-title-icon'>\n\t\t\t<span class='e-opened' ><svg aria-hidden=\"true\" class=\"e-font-icon-svg e-fas-minus\" viewBox=\"0 0 448 512\" xmlns=\"http:\/\/www.w3.org\/2000\/svg\"><path d=\"M416 208H32c-17.67 0-32 14.33-32 32v32c0 17.67 14.33 32 32 32h384c17.67 0 32-14.33 32-32v-32c0-17.67-14.33-32-32-32z\"><\/path><\/svg><\/span>\n\t\t\t<span class='e-closed'><svg aria-hidden=\"true\" class=\"e-font-icon-svg e-fas-plus\" viewBox=\"0 0 448 512\" xmlns=\"http:\/\/www.w3.org\/2000\/svg\"><path d=\"M416 208H272V64c0-17.67-14.33-32-32-32h-32c-17.67 0-32 14.33-32 32v144H32c-17.67 0-32 14.33-32 32v32c0 17.67 14.33 32 32 32h144v144c0 17.67 14.33 32 32 32h32c17.67 0 32-14.33 32-32V304h144c17.67 0 32-14.33 32-32v-32c0-17.67-14.33-32-32-32z\"><\/path><\/svg><\/span>\n\t\t<\/span>\n\n\t\t\t\t\t\t<\/summary>\n\t\t\t\t<div role=\"region\" aria-labelledby=\"e-n-accordion-item-3302\" class=\"elementor-element elementor-element-e547fbc e-con-full e-flex e-con e-child\" data-id=\"e547fbc\" data-element_type=\"container\" data-e-type=\"container\">\n\t\t\t\t<div class=\"elementor-element elementor-element-0388c45 elementor-widget elementor-widget-text-editor\" data-id=\"0388c45\" data-element_type=\"widget\" data-e-type=\"widget\" data-widget_type=\"text-editor.default\">\n\t\t\t\t<div class=\"elementor-widget-container\">\n\t\t\t\t\t\t\t\t\t<p><strong>\u2022 Din\u00e1mica 1 para Bodegas Minoristas Participantes:<\/strong><\/p><p>Promoci\u00f3n v\u00e1lida del 01 de marzo al 30 de abril de 2026 en las bodegas minoristas participantes de las ciudades de Lima, Arequipa, Chiclayo, Cusco y Tarapoto.<\/p><p><strong>\u2022 Din\u00e1mica 2 para Supermercados Participantes:<\/strong><\/p><p>Promoci\u00f3n v\u00e1lida del 01 de marzo al 30 de abril de 2026 en todas las tiendas f\u00edsica y virtuales de Wong y Metro a nivel nacional; y del 16 de marzo al 30 de abril de 2026 en todas las tiendas f\u00edsica y virtuales de Plaza Vea y Tottus a nivel nacional.<\/p>\t\t\t\t\t\t\t\t<\/div>\n\t\t\t\t<\/div>\n\t\t\t\t<\/div>\n\t\t\t\t\t<\/details>\n\t\t\t\t\t\t<details id=\"e-n-accordion-item-3303\" class=\"e-n-accordion-item\" >\n\t\t\t\t<summary class=\"e-n-accordion-item-title\" data-accordion-index=\"4\" tabindex=\"-1\" aria-expanded=\"false\" aria-controls=\"e-n-accordion-item-3303\" >\n\t\t\t\t\t<span class='e-n-accordion-item-title-header'><h5 class=\"e-n-accordion-item-title-text\"> \u00bfCu\u00e1nto tiempo dura la promoci\u00f3n? <\/h5><\/span>\n\t\t\t\t\t\t\t<span class='e-n-accordion-item-title-icon'>\n\t\t\t<span class='e-opened' ><svg aria-hidden=\"true\" class=\"e-font-icon-svg e-fas-minus\" viewBox=\"0 0 448 512\" xmlns=\"http:\/\/www.w3.org\/2000\/svg\"><path d=\"M416 208H32c-17.67 0-32 14.33-32 32v32c0 17.67 14.33 32 32 32h384c17.67 0 32-14.33 32-32v-32c0-17.67-14.33-32-32-32z\"><\/path><\/svg><\/span>\n\t\t\t<span class='e-closed'><svg aria-hidden=\"true\" class=\"e-font-icon-svg e-fas-plus\" viewBox=\"0 0 448 512\" xmlns=\"http:\/\/www.w3.org\/2000\/svg\"><path d=\"M416 208H272V64c0-17.67-14.33-32-32-32h-32c-17.67 0-32 14.33-32 32v144H32c-17.67 0-32 14.33-32 32v32c0 17.67 14.33 32 32 32h144v144c0 17.67 14.33 32 32 32h32c17.67 0 32-14.33 32-32V304h144c17.67 0 32-14.33 32-32v-32c0-17.67-14.33-32-32-32z\"><\/path><\/svg><\/span>\n\t\t<\/span>\n\n\t\t\t\t\t\t<\/summary>\n\t\t\t\t<div role=\"region\" aria-labelledby=\"e-n-accordion-item-3303\" class=\"elementor-element elementor-element-d0c18dc e-con-full e-flex e-con e-child\" data-id=\"d0c18dc\" data-element_type=\"container\" data-e-type=\"container\">\n\t\t\t\t<div class=\"elementor-element elementor-element-42e299e elementor-widget elementor-widget-text-editor\" data-id=\"42e299e\" data-element_type=\"widget\" data-e-type=\"widget\" data-widget_type=\"text-editor.default\">\n\t\t\t\t<div class=\"elementor-widget-container\">\n\t\t\t\t\t\t\t\t\t<p>La promoci\u00f3n entra en vigor <strong>desde el 01 de marzo de 2026<\/strong> a las 00:00 horas de la ma\u00f1ana y estar\u00e1 vigente <strong>hasta el 30 de Abril de 2026<\/strong> a las 12:00 horas de la noche, teniendo en cuenta el punto anterior.<\/p>\t\t\t\t\t\t\t\t<\/div>\n\t\t\t\t<\/div>\n\t\t\t\t<\/div>\n\t\t\t\t\t<\/details>\n\t\t\t\t\t\t<details id=\"e-n-accordion-item-3304\" class=\"e-n-accordion-item\" >\n\t\t\t\t<summary class=\"e-n-accordion-item-title\" data-accordion-index=\"5\" tabindex=\"-1\" aria-expanded=\"false\" aria-controls=\"e-n-accordion-item-3304\" >\n\t\t\t\t\t<span class='e-n-accordion-item-title-header'><h5 class=\"e-n-accordion-item-title-text\"> \u00bfQu\u00e9 productos participan? <\/h5><\/span>\n\t\t\t\t\t\t\t<span class='e-n-accordion-item-title-icon'>\n\t\t\t<span class='e-opened' ><svg aria-hidden=\"true\" class=\"e-font-icon-svg e-fas-minus\" viewBox=\"0 0 448 512\" xmlns=\"http:\/\/www.w3.org\/2000\/svg\"><path d=\"M416 208H32c-17.67 0-32 14.33-32 32v32c0 17.67 14.33 32 32 32h384c17.67 0 32-14.33 32-32v-32c0-17.67-14.33-32-32-32z\"><\/path><\/svg><\/span>\n\t\t\t<span class='e-closed'><svg aria-hidden=\"true\" class=\"e-font-icon-svg e-fas-plus\" viewBox=\"0 0 448 512\" xmlns=\"http:\/\/www.w3.org\/2000\/svg\"><path d=\"M416 208H272V64c0-17.67-14.33-32-32-32h-32c-17.67 0-32 14.33-32 32v144H32c-17.67 0-32 14.33-32 32v32c0 17.67 14.33 32 32 32h144v144c0 17.67 14.33 32 32 32h32c17.67 0 32-14.33 32-32V304h144c17.67 0 32-14.33 32-32v-32c0-17.67-14.33-32-32-32z\"><\/path><\/svg><\/span>\n\t\t<\/span>\n\n\t\t\t\t\t\t<\/summary>\n\t\t\t\t<div role=\"region\" aria-labelledby=\"e-n-accordion-item-3304\" class=\"elementor-element elementor-element-60222de e-con-full e-flex e-con e-child\" data-id=\"60222de\" data-element_type=\"container\" data-e-type=\"container\">\n\t\t\t\t<div class=\"elementor-element elementor-element-2988201 elementor-widget elementor-widget-text-editor\" data-id=\"2988201\" data-element_type=\"widget\" data-e-type=\"widget\" data-widget_type=\"text-editor.default\">\n\t\t\t\t<div class=\"elementor-widget-container\">\n\t\t\t\t\t\t\t\t\t<p><strong>\u2022 Para las bodegas Minoristas Participantes, los productos que califican para participar en esta promoci\u00f3n cuentan en su empaque con un sticker de la promoci\u00f3n. Estos productos son los siguientes:<\/strong><\/p><p>Xtreme 3 Piel Sensible x1, Quattro Titanium Piel Normal x1, Exacta 2 Piel Sensible x1 y Quattro Piel Delicada x1.<\/p><p><strong>\u2022 Para los Supermercados Participantes, todos los productos Schick participan en la promoci\u00f3n. Estos productos son los siguientes:<\/strong><\/p><p>Exacta Piel Sensible x5, Xtreme 3 Piel Sensible x2, Xtreme 3 Piel Sensible x3, Xtreme 3 Piel Sensible x4, Xtreme 3 Piel Sensible x6, Quattro Titanium Piel Sensible x2, Quattro Titanium Piel Normal x2, Quattro Titanium Piel Normal x3, M\u00e1quina Quattro Titanium Sensitive x 1 + 3 Repuestos, Xtreme 3 Pague 6 Lleve 8, Quattro Titanium Pague 4 Lleve 5, Quattro Titanium Repuestos x2, Quattro Titanium Repuestos x4, Ultrex x5, Schick Gel Sentitive x 200ml; Schick Espuma de afeitar x 300ml, Quattro Piel Delicada x2, Xtreme 3 Piel Sensible Mujer x2, Xtreme 3 Beauty x2, Quattro You Raspberry x2, Quattro Piel Delicada x3, Quattro You Rainbow x3, Quattro Piel Delicada x4, Xtreme 3 Hawaiian Tropic x4, M\u00e1quina Intuition Pure Nourishment x1, Intuition Pure Nourishment Repuestos x2, M\u00e1quina Quattro For Women x 1 + 3 Repuestos, M\u00e1quina Intuition Lemon Berry x1, Intuition Lemon Berry Repuestos x2, Schick Gel Quattro You Raspberry 200ml y Perfect Finish x3.<\/p>\t\t\t\t\t\t\t\t<\/div>\n\t\t\t\t<\/div>\n\t\t\t\t<\/div>\n\t\t\t\t\t<\/details>\n\t\t\t\t\t\t<details id=\"e-n-accordion-item-3305\" class=\"e-n-accordion-item\" >\n\t\t\t\t<summary class=\"e-n-accordion-item-title\" data-accordion-index=\"6\" tabindex=\"-1\" aria-expanded=\"false\" aria-controls=\"e-n-accordion-item-3305\" >\n\t\t\t\t\t<span class='e-n-accordion-item-title-header'><h5 class=\"e-n-accordion-item-title-text\"> \u00bfCu\u00e1ntas veces puedo participar con 1 boleta o ticket de compra? <\/h5><\/span>\n\t\t\t\t\t\t\t<span class='e-n-accordion-item-title-icon'>\n\t\t\t<span class='e-opened' ><svg aria-hidden=\"true\" class=\"e-font-icon-svg e-fas-minus\" viewBox=\"0 0 448 512\" xmlns=\"http:\/\/www.w3.org\/2000\/svg\"><path d=\"M416 208H32c-17.67 0-32 14.33-32 32v32c0 17.67 14.33 32 32 32h384c17.67 0 32-14.33 32-32v-32c0-17.67-14.33-32-32-32z\"><\/path><\/svg><\/span>\n\t\t\t<span class='e-closed'><svg aria-hidden=\"true\" class=\"e-font-icon-svg e-fas-plus\" viewBox=\"0 0 448 512\" xmlns=\"http:\/\/www.w3.org\/2000\/svg\"><path d=\"M416 208H272V64c0-17.67-14.33-32-32-32h-32c-17.67 0-32 14.33-32 32v144H32c-17.67 0-32 14.33-32 32v32c0 17.67 14.33 32 32 32h144v144c0 17.67 14.33 32 32 32h32c17.67 0 32-14.33 32-32V304h144c17.67 0 32-14.33 32-32v-32c0-17.67-14.33-32-32-32z\"><\/path><\/svg><\/span>\n\t\t<\/span>\n\n\t\t\t\t\t\t<\/summary>\n\t\t\t\t<div role=\"region\" aria-labelledby=\"e-n-accordion-item-3305\" class=\"elementor-element elementor-element-b2ca13f e-con-full e-flex e-con e-child\" data-id=\"b2ca13f\" data-element_type=\"container\" data-e-type=\"container\">\n\t\t\t\t<div class=\"elementor-element elementor-element-f557d8d elementor-widget elementor-widget-text-editor\" data-id=\"f557d8d\" data-element_type=\"widget\" data-e-type=\"widget\" data-widget_type=\"text-editor.default\">\n\t\t\t\t<div class=\"elementor-widget-container\">\n\t\t\t\t\t\t\t\t\t<p><strong>\u2022 Bodegas:<\/strong> Por cada c\u00f3digo alfanum\u00e9rico, solo se podr\u00e1 participar una vez.<\/p><p><strong>\u2022 Supermercados:<\/strong> Por cada boleta o ticket de compra, solo se podr\u00e1 participar una vez.<\/p><p>\u00a1Recuerda, a m\u00e1s compras, m\u00e1s oportunidades de ganar!<\/p>\t\t\t\t\t\t\t\t<\/div>\n\t\t\t\t<\/div>\n\t\t\t\t<\/div>\n\t\t\t\t\t<\/details>\n\t\t\t\t\t\t<details id=\"e-n-accordion-item-3306\" class=\"e-n-accordion-item\" >\n\t\t\t\t<summary class=\"e-n-accordion-item-title\" data-accordion-index=\"7\" tabindex=\"-1\" aria-expanded=\"false\" aria-controls=\"e-n-accordion-item-3306\" >\n\t\t\t\t\t<span class='e-n-accordion-item-title-header'><h5 class=\"e-n-accordion-item-title-text\"> \u00bfC\u00f3mo me entero si gan\u00e9 un premio? <\/h5><\/span>\n\t\t\t\t\t\t\t<span class='e-n-accordion-item-title-icon'>\n\t\t\t<span class='e-opened' ><svg aria-hidden=\"true\" class=\"e-font-icon-svg e-fas-minus\" viewBox=\"0 0 448 512\" xmlns=\"http:\/\/www.w3.org\/2000\/svg\"><path d=\"M416 208H32c-17.67 0-32 14.33-32 32v32c0 17.67 14.33 32 32 32h384c17.67 0 32-14.33 32-32v-32c0-17.67-14.33-32-32-32z\"><\/path><\/svg><\/span>\n\t\t\t<span class='e-closed'><svg aria-hidden=\"true\" class=\"e-font-icon-svg e-fas-plus\" viewBox=\"0 0 448 512\" xmlns=\"http:\/\/www.w3.org\/2000\/svg\"><path d=\"M416 208H272V64c0-17.67-14.33-32-32-32h-32c-17.67 0-32 14.33-32 32v144H32c-17.67 0-32 14.33-32 32v32c0 17.67 14.33 32 32 32h144v144c0 17.67 14.33 32 32 32h32c17.67 0 32-14.33 32-32V304h144c17.67 0 32-14.33 32-32v-32c0-17.67-14.33-32-32-32z\"><\/path><\/svg><\/span>\n\t\t<\/span>\n\n\t\t\t\t\t\t<\/summary>\n\t\t\t\t<div role=\"region\" aria-labelledby=\"e-n-accordion-item-3306\" class=\"elementor-element elementor-element-bac739f e-con-full e-flex e-con e-child\" data-id=\"bac739f\" data-element_type=\"container\" data-e-type=\"container\">\n\t\t\t\t<div class=\"elementor-element elementor-element-7091e67 elementor-widget elementor-widget-text-editor\" data-id=\"7091e67\" data-element_type=\"widget\" data-e-type=\"widget\" data-widget_type=\"text-editor.default\">\n\t\t\t\t<div class=\"elementor-widget-container\">\n\t\t\t\t\t\t\t\t\t<p>Si ganaste un premio, te estaremos contactando los d\u00edas siguientes al sorteo por medio de tel\u00e9fono y correo electr\u00f3nico para poder coordinar la entrega de tu premio.<\/p>\t\t\t\t\t\t\t\t<\/div>\n\t\t\t\t<\/div>\n\t\t\t\t<\/div>\n\t\t\t\t\t<\/details>\n\t\t\t\t\t<\/div>\n\t\t\t\t\t<script type=\"application\/ld+json\">{\"@context\":\"https:\\\/\\\/schema.org\",\"@type\":\"FAQPage\",\"mainEntity\":[{\"@type\":\"Question\",\"name\":\"Si compro mi m\\u00e1quina de afeitar en una bodega, \\u00bfD\\u00f3nde encuentro mi c\\u00f3digo?\",\"acceptedAnswer\":{\"@type\":\"Answer\",\"text\":\"Encu\\u00e9ntralo raspando la zona gris del sticker en los productos participantes.\"}},{\"@type\":\"Question\",\"name\":\"Si compro mi m\\u00e1quina de afeitar en un supermercado \\u00bfD\\u00f3nde encuentro el n\\u00famero de boleta?\",\"acceptedAnswer\":{\"@type\":\"Answer\",\"text\":\"Esto lo puedes encontrar en la parte superior de tu boleta, ver imagen:\"}},{\"@type\":\"Question\",\"name\":\"\\u00bfLa promoci\\u00f3n es v\\u00e1lida en todo el Per\\u00fa?\",\"acceptedAnswer\":{\"@type\":\"Answer\",\"text\":\"\\u2022 Din\\u00e1mica 1 para Bodegas Minoristas Participantes:Promoci\\u00f3n v\\u00e1lida del 01 de marzo al 30 de abril de 2026 en las bodegas minoristas participantes de las ciudades de Lima, Arequipa, Chiclayo, Cusco y Tarapoto.\\u2022 Din\\u00e1mica 2 para Supermercados Participantes:Promoci\\u00f3n v\\u00e1lida del 01 de marzo al 30 de abril de 2026 en todas las tiendas f\\u00edsica y virtuales de Wong y Metro a nivel nacional; y del 16 de marzo al 30 de abril de 2026 en todas las tiendas f\\u00edsica y virtuales de Plaza Vea y Tottus a nivel nacional.\"}},{\"@type\":\"Question\",\"name\":\"\\u00bfCu\\u00e1nto tiempo dura la promoci\\u00f3n?\",\"acceptedAnswer\":{\"@type\":\"Answer\",\"text\":\"La promoci\\u00f3n entra en vigor desde el 01 de marzo de 2026 a las 00:00 horas de la ma\\u00f1ana y estar\\u00e1 vigente hasta el 30 de Abril de 2026 a las 12:00 horas de la noche, teniendo en cuenta el punto anterior.\"}},{\"@type\":\"Question\",\"name\":\"\\u00bfQu\\u00e9 productos participan?\",\"acceptedAnswer\":{\"@type\":\"Answer\",\"text\":\"\\u2022 Para las bodegas Minoristas Participantes, los productos que califican para participar en esta promoci\\u00f3n cuentan en su empaque con un sticker de la promoci\\u00f3n. Estos productos son los siguientes:Xtreme 3 Piel Sensible x1, Quattro Titanium Piel Normal x1, Exacta 2 Piel Sensible x1 y Quattro Piel Delicada x1.\\u2022 Para los Supermercados Participantes, todos los productos Schick participan en la promoci\\u00f3n. Estos productos son los siguientes:Exacta Piel Sensible x5, Xtreme 3 Piel Sensible x2, Xtreme 3 Piel Sensible x3, Xtreme 3 Piel Sensible x4, Xtreme 3 Piel Sensible x6, Quattro Titanium Piel Sensible x2, Quattro Titanium Piel Normal x2, Quattro Titanium Piel Normal x3, M\\u00e1quina Quattro Titanium Sensitive x 1 + 3 Repuestos, Xtreme 3 Pague 6 Lleve 8, Quattro Titanium Pague 4 Lleve 5, Quattro Titanium Repuestos x2, Quattro Titanium Repuestos x4, Ultrex x5, Schick Gel Sentitive x 200ml; Schick Espuma de afeitar x 300ml, Quattro Piel Delicada x2, Xtreme 3 Piel Sensible Mujer x2, Xtreme 3 Beauty x2, Quattro You Raspberry x2, Quattro Piel Delicada x3, Quattro You Rainbow x3, Quattro Piel Delicada x4, Xtreme 3 Hawaiian Tropic x4, M\\u00e1quina Intuition Pure Nourishment x1, Intuition Pure Nourishment Repuestos x2, M\\u00e1quina Quattro For Women x 1 + 3 Repuestos, M\\u00e1quina Intuition Lemon Berry x1, Intuition Lemon Berry Repuestos x2, Schick Gel Quattro You Raspberry 200ml y Perfect Finish x3.\"}},{\"@type\":\"Question\",\"name\":\"\\u00bfCu\\u00e1ntas veces puedo participar con 1 boleta o ticket de compra?\",\"acceptedAnswer\":{\"@type\":\"Answer\",\"text\":\"\\u2022 Bodegas: Por cada c\\u00f3digo alfanum\\u00e9rico, solo se podr\\u00e1 participar una vez.\\u2022 Supermercados: Por cada boleta o ticket de compra, solo se podr\\u00e1 participar una vez.\\u00a1Recuerda, a m\\u00e1s compras, m\\u00e1s oportunidades de ganar!\"}},{\"@type\":\"Question\",\"name\":\"\\u00bfC\\u00f3mo me entero si gan\\u00e9 un premio?\",\"acceptedAnswer\":{\"@type\":\"Answer\",\"text\":\"Si ganaste un premio, te estaremos contactando los d\\u00edas siguientes al sorteo por medio de tel\\u00e9fono y correo electr\\u00f3nico para poder coordinar la entrega de tu premio.\"}}]}<\/script>\n\t\t\t\t\t\t\t<\/div>\n\t\t\t\t<\/div>\n\t\t\t\t<\/div>\n\t\t\t\t<\/div>\n\t\t\t\t<\/div>\n\t\t","protected":false},"excerpt":{"rendered":"<p>Preguntas frecuentes Si compro mi m\u00e1quina de afeitar en una bodega, \u00bfD\u00f3nde encuentro mi c\u00f3digo? Encu\u00e9ntralo raspando la zona gris del sticker en los productos participantes. Si compro mi m\u00e1quina de afeitar en un supermercado \u00bfD\u00f3nde encuentro el n\u00famero de boleta? Esto lo puedes encontrar en la parte superior de tu boleta, ver imagen: \u00bfLa [&hellip;]<\/p>\n","protected":false},"author":1,"featured_media":0,"parent":0,"menu_order":0,"comment_status":"closed","ping_status":"closed","template":"","meta":{"footnotes":""},"class_list":["post-575","page","type-page","status-publish","hentry"],"_links":{"self":[{"href":"https:\/\/www.schick.pe\/promocion\/wp-json\/wp\/v2\/pages\/575","targetHints":{"allow":["GET"]}}],"collection":[{"href":"https:\/\/www.schick.pe\/promocion\/wp-json\/wp\/v2\/pages"}],"about":[{"href":"https:\/\/www.schick.pe\/promocion\/wp-json\/wp\/v2\/types\/page"}],"author":[{"embeddable":true,"href":"https:\/\/www.schick.pe\/promocion\/wp-json\/wp\/v2\/users\/1"}],"replies":[{"embeddable":true,"href":"https:\/\/www.schick.pe\/promocion\/wp-json\/wp\/v2\/comments?post=575"}],"version-history":[{"count":201,"href":"https:\/\/www.schick.pe\/promocion\/wp-json\/wp\/v2\/pages\/575\/revisions"}],"predecessor-version":[{"id":3201,"href":"https:\/\/www.schick.pe\/promocion\/wp-json\/wp\/v2\/pages\/575\/revisions\/3201"}],"wp:attachment":[{"href":"https:\/\/www.schick.pe\/promocion\/wp-json\/wp\/v2\/media?parent=575"}],"curies":[{"name":"wp","href":"https:\/\/api.w.org\/{rel}","templated":true}]}}